{"id":78,"date":"2023-04-27T16:03:14","date_gmt":"2023-04-27T19:03:14","guid":{"rendered":"https:\/\/agenciaflap.com.br\/homologa\/?page_id=78"},"modified":"2024-01-23T09:05:20","modified_gmt":"2024-01-23T12:05:20","slug":"conheca","status":"publish","type":"page","link":"https:\/\/www.agenciaflap.com.br\/homologa\/conheca\/","title":{"rendered":"Conhe\u00e7a"},"content":{"rendered":"\n<h5 class=\"wp-block-heading\">Podemos ser ABIC Marketing e Consultoria Promocional Ltda., mas, muito al\u00e9m da nossa raz\u00e3o social, <strong>somos FLAP.<\/strong> <\/h5>\n\n\n\n<div class=\"wp-block-columns is-layout-flex wp-container-core-columns-is-layout-9d6595d7 wp-block-columns-is-layout-flex\">\n<div class=\"wp-block-column is-layout-flow wp-block-column-is-layout-flow\" style=\"flex-basis:66.66%\">\n<p>Fundada em Bras\u00edlia\/DF, em abril de 2005, temos 17 anos de muito trabalho e realiza\u00e7\u00f5es, desde o planejamento, coordena\u00e7\u00e3o, organiza\u00e7\u00e3o e avalia\u00e7\u00e3o de eventos de todas as naturezas. Atualmente, somos uma das maiores empresas de Live Marketing do Centro-Oeste.<\/p>\n\n\n\n<p>A FLAP faz as marcas falarem com as pessoas. Junto com seus clientes, trabalha para manter essa conversa interessante. Impactamos, envolvemos e conectamos, atrav\u00e9s de experi\u00eancias que geram resultados imediatos.<\/p>\n\n\n\n<p>N\u00e3o importa a plataforma, formato ou tecnologia escolhida, o nosso neg\u00f3cio \u00e9 fazer a intera\u00e7\u00e3o e o resultado esperado acontecerem. A FLAP faz ao vivo, faz no digital, faz pra valer.<\/p>\n<\/div>\n\n\n\n<div class=\"wp-block-column is-layout-flow wp-block-column-is-layout-flow\" style=\"flex-basis:33.33%\">\n<h5 class=\"wp-block-heading\">A Flap faz<\/h5>\n\n\n\n<p>Eventos corporativos, institucionais e promocionais, a\u00e7\u00f5es promocionais, arquitetura promocional, feiras, congressos, confer\u00eancias, semin\u00e1rios, conven\u00e7\u00f5es, workshops, exposi\u00e7\u00f5es, promo\u00e7\u00f5es, concursos, a\u00e7\u00f5es de branding, sorteios, samplings, lan\u00e7amentos de produtos, shows, festas, eventos culturais e esportivos, ativa\u00e7\u00f5es de patroc\u00ednios, endomarketing, programas de incentivo, projetos digitais, entre outros.<\/p>\n<\/div>\n<\/div>\n\n\n\n<p><\/p>\n\n\n\n<p><\/p>\n","protected":false},"excerpt":{"rendered":"<p>Podemos ser ABIC Marketing e Consultoria Promocional Ltda., mas, muito al\u00e9m da nossa raz\u00e3o social, somos FLAP. Fundada em Bras\u00edlia\/DF, em abril de 2005, temos 17 anos de muito trabalho e realiza\u00e7\u00f5es, desde o planejamento, coordena\u00e7\u00e3o, organiza\u00e7\u00e3o e avalia\u00e7\u00e3o de eventos de todas as naturezas. Atualmente, somos uma das maiores empresas de Live Marketing do &hellip; <\/p>\n<p class=\"link-more\"><a href=\"https:\/\/www.agenciaflap.com.br\/homologa\/conheca\/\" class=\"more-link\">Continue reading<span class=\"screen-reader-text\"> &#8220;Conhe\u00e7a&#8221;<\/span><\/a><\/p>\n","protected":false},"author":1,"featured_media":0,"parent":0,"menu_order":0,"comment_status":"closed","ping_status":"closed","template":"template-pages\/sobre.php","meta":{"inline_featured_image":false,"footnotes":""},"class_list":["post-78","page","type-page","status-publish","hentry","entry"],"_links":{"self":[{"href":"https:\/\/www.agenciaflap.com.br\/homologa\/wp-json\/wp\/v2\/pages\/78","targetHints":{"allow":["GET"]}}],"collection":[{"href":"https:\/\/www.agenciaflap.com.br\/homologa\/wp-json\/wp\/v2\/pages"}],"about":[{"href":"https:\/\/www.agenciaflap.com.br\/homologa\/wp-json\/wp\/v2\/types\/page"}],"author":[{"embeddable":true,"href":"https:\/\/www.agenciaflap.com.br\/homologa\/wp-json\/wp\/v2\/users\/1"}],"replies":[{"embeddable":true,"href":"https:\/\/www.agenciaflap.com.br\/homologa\/wp-json\/wp\/v2\/comments?post=78"}],"version-history":[{"count":9,"href":"https:\/\/www.agenciaflap.com.br\/homologa\/wp-json\/wp\/v2\/pages\/78\/revisions"}],"predecessor-version":[{"id":239,"href":"https:\/\/www.agenciaflap.com.br\/homologa\/wp-json\/wp\/v2\/pages\/78\/revisions\/239"}],"wp:attachment":[{"href":"https:\/\/www.agenciaflap.com.br\/homologa\/wp-json\/wp\/v2\/media?parent=78"}],"curies":[{"name":"wp","href":"https:\/\/api.w.org\/{rel}","templated":true}]}}